{"id":28,"date":"2024-06-11T08:19:09","date_gmt":"2024-06-11T08:19:09","guid":{"rendered":"https:\/\/espoonlasi.com\/kotisivu\/?page_id=28"},"modified":"2024-06-11T08:19:09","modified_gmt":"2024-06-11T08:19:09","slug":"tietosuojalauseke","status":"publish","type":"page","link":"https:\/\/espoonlasi.com\/kotisivu\/index.php\/tietosuojalauseke\/","title":{"rendered":"Tietosuojalauseke"},"content":{"rendered":"\n<p>Espoon Lasi- ja Peilipalvelu \/ Lasinetti Oy sitoutuu suojaamaan asiakkaidensa yksityisyytt\u00e4. K\u00e4sittelemme henkil\u00f6tietoja huolellisesti ja luottamuksellisesti. K\u00e4yt\u00e4mme tietoja ainoastaan palveluidemme tarjoamiseen ja parantamiseen. Emme jaa tietoja kolmansille osapuolille ilman asiakkaan suostumusta, ellei lains\u00e4\u00e4d\u00e4nt\u00f6 toisin vaadi. <\/p>\n\n\n\n<p>Lis\u00e4tietoja tietosuojak\u00e4yt\u00e4nn\u00f6ist\u00e4mme saat ottamalla meihin yhteytt\u00e4  s\u00e4hk\u00f6postitse <a>espoonlasi@espoonlasi.com<\/a>.<\/p>\n\n\n\n<p>Espoonlasi \/ Lasinetti Oy<br>Mikkel\u00e4nkallio 18 A<br>02770 ESPOO<br>y-tunnus: 2346127-2<\/p>\n","protected":false},"excerpt":{"rendered":"<p>Espoon Lasi- ja Peilipalvelu \/ Lasinetti Oy sitoutuu suojaamaan asiakkaidensa yksityisyytt\u00e4. K\u00e4sittelemme henkil\u00f6tietoja huolellisesti ja luottamuksellisesti. K\u00e4yt\u00e4mme tietoja ainoastaan palveluidemme tarjoamiseen ja parantamiseen. Emme jaa tietoja kolmansille osapuolille ilman asiakkaan suostumusta, ellei lains\u00e4\u00e4d\u00e4nt\u00f6 toisin vaadi. Lis\u00e4tietoja tietosuojak\u00e4yt\u00e4nn\u00f6ist\u00e4mme saat ottamalla meihin yhteytt\u00e4 s\u00e4hk\u00f6postitse espoonlasi@espoonlasi.com. Espoonlasi \/ Lasinetti OyMikkel\u00e4nkallio 18 A02770 ESPOOy-tunnus: 2346127-2<\/p>\n","protected":false},"author":1,"featured_media":0,"parent":0,"menu_order":0,"comment_status":"closed","ping_status":"closed","template":"","meta":{"footnotes":""},"class_list":["post-28","page","type-page","status-publish","hentry"],"_links":{"self":[{"href":"https:\/\/espoonlasi.com\/kotisivu\/index.php\/wp-json\/wp\/v2\/pages\/28","targetHints":{"allow":["GET"]}}],"collection":[{"href":"https:\/\/espoonlasi.com\/kotisivu\/index.php\/wp-json\/wp\/v2\/pages"}],"about":[{"href":"https:\/\/espoonlasi.com\/kotisivu\/index.php\/wp-json\/wp\/v2\/types\/page"}],"author":[{"embeddable":true,"href":"https:\/\/espoonlasi.com\/kotisivu\/index.php\/wp-json\/wp\/v2\/users\/1"}],"replies":[{"embeddable":true,"href":"https:\/\/espoonlasi.com\/kotisivu\/index.php\/wp-json\/wp\/v2\/comments?post=28"}],"version-history":[{"count":1,"href":"https:\/\/espoonlasi.com\/kotisivu\/index.php\/wp-json\/wp\/v2\/pages\/28\/revisions"}],"predecessor-version":[{"id":29,"href":"https:\/\/espoonlasi.com\/kotisivu\/index.php\/wp-json\/wp\/v2\/pages\/28\/revisions\/29"}],"wp:attachment":[{"href":"https:\/\/espoonlasi.com\/kotisivu\/index.php\/wp-json\/wp\/v2\/media?parent=28"}],"curies":[{"name":"wp","href":"https:\/\/api.w.org\/{rel}","templated":true}]}}