{"id":26,"date":"2024-06-11T08:15:45","date_gmt":"2024-06-11T08:15:45","guid":{"rendered":"https:\/\/espoonlasi.com\/kotisivu\/?page_id=26"},"modified":"2024-06-11T08:15:45","modified_gmt":"2024-06-11T08:15:45","slug":"toimitusehdot","status":"publish","type":"page","link":"https:\/\/espoonlasi.com\/kotisivu\/index.php\/toimitusehdot\/","title":{"rendered":"Toimitusehdot"},"content":{"rendered":"\n<p><strong>Toimitus ja toimitusaika<\/strong> Kaikki tilaukset k\u00e4sitell\u00e4\u00e4n ja l\u00e4hetet\u00e4\u00e4n mahdollisimman nopeasti, yleens\u00e4 1-5 arkip\u00e4iv\u00e4n kuluessa tilauksen vastaanottamisesta. Tehdastilauksissa toimitusaika 3-5vko<\/p>\n\n\n\n<p><strong>Toimitustavat<\/strong> Tarjoamme useita toimitustapoja, kuten postitus ja kotiinkuljetus. Toimitustavat ja -kulut vaihtelevat tilauksen koon ja toimitusosoitteen mukaan.<\/p>\n\n\n\n<p><strong>Maksutavat<\/strong> Hyv\u00e4ksymme useita maksutapoja, kuten verkkopankkimaksut, luottokortit ja PayPalin.<\/p>\n\n\n\n<p><strong>Palautusoikeus<\/strong> Asiakkaalla on oikeus palauttaa tuotteet 14 p\u00e4iv\u00e4n kuluessa toimituksesta. Palautettavien tuotteiden tulee olla k\u00e4ytt\u00e4m\u00e4tt\u00f6mi\u00e4 ja alkuper\u00e4ispakkauksessa. Yksil\u00f6llisesti valmistetuilla tuotteilla ei ole palautusoikeutta.<\/p>\n\n\n\n<p><strong>Reklamaatiot<\/strong> Jos tuote on viallinen tai virheellinen, ota yhteytt\u00e4 asiakaspalveluumme puhelimitse tai s\u00e4hk\u00f6postitse, niin j\u00e4rjest\u00e4mme korvaavan tuotteen tai hyvityksen.<\/p>\n\n\n\n<p>Lis\u00e4tietoja toimitusehdoista saat ottamalla meihin yhteytt\u00e4:<\/p>\n\n\n\n<ul class=\"wp-block-list\">\n<li>Puhelin: 040 767 0666<\/li>\n\n\n\n<li>S\u00e4hk\u00f6posti: <a>espoonlasi@espoonlasi.com<\/a><\/li>\n<\/ul>\n","protected":false},"excerpt":{"rendered":"<p>Toimitus ja toimitusaika Kaikki tilaukset k\u00e4sitell\u00e4\u00e4n ja l\u00e4hetet\u00e4\u00e4n mahdollisimman nopeasti, yleens\u00e4 1-5 arkip\u00e4iv\u00e4n kuluessa tilauksen vastaanottamisesta. Tehdastilauksissa toimitusaika 3-5vko Toimitustavat Tarjoamme useita toimitustapoja, kuten postitus ja kotiinkuljetus. Toimitustavat ja -kulut vaihtelevat tilauksen koon ja toimitusosoitteen mukaan. Maksutavat Hyv\u00e4ksymme useita maksutapoja, kuten verkkopankkimaksut, luottokortit ja PayPalin. Palautusoikeus Asiakkaalla on oikeus palauttaa tuotteet 14 p\u00e4iv\u00e4n kuluessa toimituksesta. [&hellip;]<\/p>\n","protected":false},"author":1,"featured_media":0,"parent":0,"menu_order":0,"comment_status":"closed","ping_status":"closed","template":"","meta":{"footnotes":""},"class_list":["post-26","page","type-page","status-publish","hentry"],"_links":{"self":[{"href":"https:\/\/espoonlasi.com\/kotisivu\/index.php\/wp-json\/wp\/v2\/pages\/26","targetHints":{"allow":["GET"]}}],"collection":[{"href":"https:\/\/espoonlasi.com\/kotisivu\/index.php\/wp-json\/wp\/v2\/pages"}],"about":[{"href":"https:\/\/espoonlasi.com\/kotisivu\/index.php\/wp-json\/wp\/v2\/types\/page"}],"author":[{"embeddable":true,"href":"https:\/\/espoonlasi.com\/kotisivu\/index.php\/wp-json\/wp\/v2\/users\/1"}],"replies":[{"embeddable":true,"href":"https:\/\/espoonlasi.com\/kotisivu\/index.php\/wp-json\/wp\/v2\/comments?post=26"}],"version-history":[{"count":1,"href":"https:\/\/espoonlasi.com\/kotisivu\/index.php\/wp-json\/wp\/v2\/pages\/26\/revisions"}],"predecessor-version":[{"id":27,"href":"https:\/\/espoonlasi.com\/kotisivu\/index.php\/wp-json\/wp\/v2\/pages\/26\/revisions\/27"}],"wp:attachment":[{"href":"https:\/\/espoonlasi.com\/kotisivu\/index.php\/wp-json\/wp\/v2\/media?parent=26"}],"curies":[{"name":"wp","href":"https:\/\/api.w.org\/{rel}","templated":true}]}}